{"id":86,"date":"2024-11-03T18:09:53","date_gmt":"2024-11-03T18:09:53","guid":{"rendered":"https:\/\/kneipenkultur.net\/?post_type=product&#038;p=86"},"modified":"2026-04-09T12:35:58","modified_gmt":"2026-04-09T12:35:58","slug":"shirt-ule-rueckseite-mit-print-nach-wahl","status":"publish","type":"product","link":"https:\/\/kneipenkultur.net\/?product=shirt-ule-rueckseite-mit-print-nach-wahl","title":{"rendered":"Shirt &#8222;ULE&#8220; \/ &#8222;Trinkst Du auch genug?&#8220;"},"content":{"rendered":"<p><strong>Zeig uns Deine Lieblingskneipe!<\/strong><\/p>\n<p>Bei diesem fantastischem Shirt pr\u00e4sentierst du stolz das Logo der <strong>ULE auf der Vorderseite<\/strong>.\u00a0 Auf der <strong>R\u00fcckseite<\/strong> prangert die Frage aller Fragen:<\/p>\n<ul>\n<li><strong>Trinkst Du auch genug<\/strong><\/li>\n<\/ul>\n<p>All unsere T-Shirts werden von uns mit Liebe und von Hand im Siebdruckverfahren bedruckt. Einige Varianten haben wir immer auf Lager, andere Kombinationen bedrucken wir erst auf Bestellung. Bitte beachte, dass sich die Lieferzeit in diesem Fall um ein paar Tage verl\u00e4ngert.<\/p>\n<p><strong>Gr\u00f6\u00dfenhinweis:<\/strong><\/p>\n<p>Die Shirts sind <strong>unisex<\/strong> und fallen eher gr\u00f6\u00dfer aus, als klassische Shirts.<\/p>\n<p>Es gibt nat\u00fcrlich auch jederzeit die M\u00f6glichkeit die Shirts vorher anzuprobieren. Schaue daf\u00fcr einfach in der ULE w\u00e4hrend der \u00d6ffnungszeiten vorbei.<\/p>\n<p>&nbsp;<\/p>\n","protected":false},"excerpt":{"rendered":"<p>Zeig uns Deine Lieblingskneipe! Bei diesem fantastischem Shirt pr\u00e4sentierst du stolz das Logo der ULE auf der Vorderseite.\u00a0 Auf der R\u00fcckseite prangert die Frage aller Fragen: Trinkst Du auch genug All unsere T-Shirts werden von uns mit Liebe und von Hand im Siebdruckverfahren bedruckt. Einige Varianten haben wir immer auf Lager, andere Kombinationen bedrucken wir<\/p>\n<div class=\"more-link\">\n\t\t\t\t <a href=\"https:\/\/kneipenkultur.net\/?product=shirt-ule-rueckseite-mit-print-nach-wahl\" class=\"btn theme-btn\"><span>Weiterlesen <\/span><i class=\"icofont-thin-double-right\"><\/i><\/a>\n\t\t\t<\/div>\n","protected":false},"featured_media":286,"comment_status":"open","ping_status":"closed","template":"","meta":[],"product_brand":[],"product_cat":[17],"product_tag":[],"class_list":{"0":"post-86","1":"product","2":"type-product","3":"status-publish","4":"has-post-thumbnail","6":"product_cat-shirts","8":"first","9":"instock","10":"taxable","11":"shipping-taxable","12":"purchasable","13":"product-type-variable"},"yoast_head":"<!-- This site is optimized with the Yoast SEO plugin v27.4 - https:\/\/yoast.com\/product\/yoast-seo-wordpress\/ -->\n<title>Shirt &quot;ULE&quot; \/ &quot;Trinkst Du auch genug?&quot; - Kneipenkultur Merch<\/title>\n<meta name=\"robots\" content=\"index, follow, max-snippet:-1, max-image-preview:large, max-video-preview:-1\" \/>\n<link rel=\"canonical\" href=\"https:\/\/kneipenkultur.net\/?product=shirt-ule-rueckseite-mit-print-nach-wahl\" \/>\n<meta property=\"og:locale\" content=\"de_DE\" \/>\n<meta property=\"og:type\" content=\"article\" \/>\n<meta property=\"og:title\" content=\"Shirt &quot;ULE&quot; \/ &quot;Trinkst Du auch genug?&quot; - Kneipenkultur Merch\" \/>\n<meta property=\"og:description\" content=\"Zeig uns Deine Lieblingskneipe! Bei diesem fantastischem Shirt pr\u00e4sentierst du stolz das Logo der ULE auf der Vorderseite.\u00a0 Auf der R\u00fcckseite prangert die Frage aller Fragen: Trinkst Du auch genug All unsere T-Shirts werden von uns mit Liebe und von Hand im Siebdruckverfahren bedruckt. Einige Varianten haben wir immer auf Lager, andere Kombinationen bedrucken wir    Weiterlesen\" \/>\n<meta property=\"og:url\" content=\"https:\/\/kneipenkultur.net\/?product=shirt-ule-rueckseite-mit-print-nach-wahl\" \/>\n<meta property=\"og:site_name\" content=\"Kneipenkultur Merch\" \/>\n<meta property=\"article:modified_time\" content=\"2026-04-09T12:35:58+00:00\" \/>\n<meta property=\"og:image\" content=\"https:\/\/kneipenkultur.net\/wp-content\/uploads\/2024\/11\/Ule-Front-schwarz-1-scaled.jpg\" \/>\n\t<meta property=\"og:image:width\" content=\"2560\" \/>\n\t<meta property=\"og:image:height\" content=\"1920\" \/>\n\t<meta property=\"og:image:type\" content=\"image\/jpeg\" \/>\n<meta name=\"twitter:card\" content=\"summary_large_image\" \/>\n<meta name=\"twitter:label1\" content=\"Gesch\u00e4tzte Lesezeit\" \/>\n\t<meta name=\"twitter:data1\" content=\"1\u00a0Minute\" \/>\n<script type=\"application\/ld+json\" class=\"yoast-schema-graph\">{\"@context\":\"https:\\\/\\\/schema.org\",\"@graph\":[{\"@type\":\"WebPage\",\"@id\":\"https:\\\/\\\/kneipenkultur.net\\\/?product=shirt-ule-rueckseite-mit-print-nach-wahl\",\"url\":\"https:\\\/\\\/kneipenkultur.net\\\/?product=shirt-ule-rueckseite-mit-print-nach-wahl\",\"name\":\"Shirt \\\"ULE\\\" \\\/ \\\"Trinkst Du auch genug?\\\" - Kneipenkultur Merch\",\"isPartOf\":{\"@id\":\"https:\\\/\\\/kneipenkultur.net\\\/#website\"},\"primaryImageOfPage\":{\"@id\":\"https:\\\/\\\/kneipenkultur.net\\\/?product=shirt-ule-rueckseite-mit-print-nach-wahl#primaryimage\"},\"image\":{\"@id\":\"https:\\\/\\\/kneipenkultur.net\\\/?product=shirt-ule-rueckseite-mit-print-nach-wahl#primaryimage\"},\"thumbnailUrl\":\"https:\\\/\\\/kneipenkultur.net\\\/wp-content\\\/uploads\\\/2024\\\/11\\\/Ule-Front-schwarz-1-scaled.jpg\",\"datePublished\":\"2024-11-03T18:09:53+00:00\",\"dateModified\":\"2026-04-09T12:35:58+00:00\",\"breadcrumb\":{\"@id\":\"https:\\\/\\\/kneipenkultur.net\\\/?product=shirt-ule-rueckseite-mit-print-nach-wahl#breadcrumb\"},\"inLanguage\":\"de\",\"potentialAction\":[{\"@type\":\"ReadAction\",\"target\":[\"https:\\\/\\\/kneipenkultur.net\\\/?product=shirt-ule-rueckseite-mit-print-nach-wahl\"]}]},{\"@type\":\"ImageObject\",\"inLanguage\":\"de\",\"@id\":\"https:\\\/\\\/kneipenkultur.net\\\/?product=shirt-ule-rueckseite-mit-print-nach-wahl#primaryimage\",\"url\":\"https:\\\/\\\/kneipenkultur.net\\\/wp-content\\\/uploads\\\/2024\\\/11\\\/Ule-Front-schwarz-1-scaled.jpg\",\"contentUrl\":\"https:\\\/\\\/kneipenkultur.net\\\/wp-content\\\/uploads\\\/2024\\\/11\\\/Ule-Front-schwarz-1-scaled.jpg\",\"width\":2560,\"height\":1920},{\"@type\":\"BreadcrumbList\",\"@id\":\"https:\\\/\\\/kneipenkultur.net\\\/?product=shirt-ule-rueckseite-mit-print-nach-wahl#breadcrumb\",\"itemListElement\":[{\"@type\":\"ListItem\",\"position\":1,\"name\":\"Startseite\",\"item\":\"https:\\\/\\\/kneipenkultur.net\\\/\"},{\"@type\":\"ListItem\",\"position\":2,\"name\":\"Shop\",\"item\":\"https:\\\/\\\/kneipenkultur.net\\\/\"},{\"@type\":\"ListItem\",\"position\":3,\"name\":\"Shirt &#8222;ULE&#8220; \\\/ &#8222;Trinkst Du auch genug?&#8220;\"}]},{\"@type\":\"WebSite\",\"@id\":\"https:\\\/\\\/kneipenkultur.net\\\/#website\",\"url\":\"https:\\\/\\\/kneipenkultur.net\\\/\",\"name\":\"Kneipenkultur Merch\",\"description\":\"Freshe Styles von Deinen Lieblingskneipen in Oldenburg.\",\"potentialAction\":[{\"@type\":\"SearchAction\",\"target\":{\"@type\":\"EntryPoint\",\"urlTemplate\":\"https:\\\/\\\/kneipenkultur.net\\\/?s={search_term_string}\"},\"query-input\":{\"@type\":\"PropertyValueSpecification\",\"valueRequired\":true,\"valueName\":\"search_term_string\"}}],\"inLanguage\":\"de\"}]}<\/script>\n<!-- \/ Yoast SEO plugin. -->","yoast_head_json":{"title":"Shirt \"ULE\" \/ \"Trinkst Du auch genug?\" - Kneipenkultur Merch","robots":{"index":"index","follow":"follow","max-snippet":"max-snippet:-1","max-image-preview":"max-image-preview:large","max-video-preview":"max-video-preview:-1"},"canonical":"https:\/\/kneipenkultur.net\/?product=shirt-ule-rueckseite-mit-print-nach-wahl","og_locale":"de_DE","og_type":"article","og_title":"Shirt \"ULE\" \/ \"Trinkst Du auch genug?\" - Kneipenkultur Merch","og_description":"Zeig uns Deine Lieblingskneipe! Bei diesem fantastischem Shirt pr\u00e4sentierst du stolz das Logo der ULE auf der Vorderseite.\u00a0 Auf der R\u00fcckseite prangert die Frage aller Fragen: Trinkst Du auch genug All unsere T-Shirts werden von uns mit Liebe und von Hand im Siebdruckverfahren bedruckt. Einige Varianten haben wir immer auf Lager, andere Kombinationen bedrucken wir    Weiterlesen","og_url":"https:\/\/kneipenkultur.net\/?product=shirt-ule-rueckseite-mit-print-nach-wahl","og_site_name":"Kneipenkultur Merch","article_modified_time":"2026-04-09T12:35:58+00:00","og_image":[{"width":2560,"height":1920,"url":"https:\/\/kneipenkultur.net\/wp-content\/uploads\/2024\/11\/Ule-Front-schwarz-1-scaled.jpg","type":"image\/jpeg"}],"twitter_card":"summary_large_image","twitter_misc":{"Gesch\u00e4tzte Lesezeit":"1\u00a0Minute"},"schema":{"@context":"https:\/\/schema.org","@graph":[{"@type":"WebPage","@id":"https:\/\/kneipenkultur.net\/?product=shirt-ule-rueckseite-mit-print-nach-wahl","url":"https:\/\/kneipenkultur.net\/?product=shirt-ule-rueckseite-mit-print-nach-wahl","name":"Shirt \"ULE\" \/ \"Trinkst Du auch genug?\" - Kneipenkultur Merch","isPartOf":{"@id":"https:\/\/kneipenkultur.net\/#website"},"primaryImageOfPage":{"@id":"https:\/\/kneipenkultur.net\/?product=shirt-ule-rueckseite-mit-print-nach-wahl#primaryimage"},"image":{"@id":"https:\/\/kneipenkultur.net\/?product=shirt-ule-rueckseite-mit-print-nach-wahl#primaryimage"},"thumbnailUrl":"https:\/\/kneipenkultur.net\/wp-content\/uploads\/2024\/11\/Ule-Front-schwarz-1-scaled.jpg","datePublished":"2024-11-03T18:09:53+00:00","dateModified":"2026-04-09T12:35:58+00:00","breadcrumb":{"@id":"https:\/\/kneipenkultur.net\/?product=shirt-ule-rueckseite-mit-print-nach-wahl#breadcrumb"},"inLanguage":"de","potentialAction":[{"@type":"ReadAction","target":["https:\/\/kneipenkultur.net\/?product=shirt-ule-rueckseite-mit-print-nach-wahl"]}]},{"@type":"ImageObject","inLanguage":"de","@id":"https:\/\/kneipenkultur.net\/?product=shirt-ule-rueckseite-mit-print-nach-wahl#primaryimage","url":"https:\/\/kneipenkultur.net\/wp-content\/uploads\/2024\/11\/Ule-Front-schwarz-1-scaled.jpg","contentUrl":"https:\/\/kneipenkultur.net\/wp-content\/uploads\/2024\/11\/Ule-Front-schwarz-1-scaled.jpg","width":2560,"height":1920},{"@type":"BreadcrumbList","@id":"https:\/\/kneipenkultur.net\/?product=shirt-ule-rueckseite-mit-print-nach-wahl#breadcrumb","itemListElement":[{"@type":"ListItem","position":1,"name":"Startseite","item":"https:\/\/kneipenkultur.net\/"},{"@type":"ListItem","position":2,"name":"Shop","item":"https:\/\/kneipenkultur.net\/"},{"@type":"ListItem","position":3,"name":"Shirt &#8222;ULE&#8220; \/ &#8222;Trinkst Du auch genug?&#8220;"}]},{"@type":"WebSite","@id":"https:\/\/kneipenkultur.net\/#website","url":"https:\/\/kneipenkultur.net\/","name":"Kneipenkultur Merch","description":"Freshe Styles von Deinen Lieblingskneipen in Oldenburg.","potentialAction":[{"@type":"SearchAction","target":{"@type":"EntryPoint","urlTemplate":"https:\/\/kneipenkultur.net\/?s={search_term_string}"},"query-input":{"@type":"PropertyValueSpecification","valueRequired":true,"valueName":"search_term_string"}}],"inLanguage":"de"}]}},"jetpack_sharing_enabled":true,"_links":{"self":[{"href":"https:\/\/kneipenkultur.net\/index.php?rest_route=\/wp\/v2\/product\/86","targetHints":{"allow":["GET"]}}],"collection":[{"href":"https:\/\/kneipenkultur.net\/index.php?rest_route=\/wp\/v2\/product"}],"about":[{"href":"https:\/\/kneipenkultur.net\/index.php?rest_route=\/wp\/v2\/types\/product"}],"replies":[{"embeddable":true,"href":"https:\/\/kneipenkultur.net\/index.php?rest_route=%2Fwp%2Fv2%2Fcomments&post=86"}],"wp:featuredmedia":[{"embeddable":true,"href":"https:\/\/kneipenkultur.net\/index.php?rest_route=\/wp\/v2\/media\/286"}],"wp:attachment":[{"href":"https:\/\/kneipenkultur.net\/index.php?rest_route=%2Fwp%2Fv2%2Fmedia&parent=86"}],"wp:term":[{"taxonomy":"product_brand","embeddable":true,"href":"https:\/\/kneipenkultur.net\/index.php?rest_route=%2Fwp%2Fv2%2Fproduct_brand&post=86"},{"taxonomy":"product_cat","embeddable":true,"href":"https:\/\/kneipenkultur.net\/index.php?rest_route=%2Fwp%2Fv2%2Fproduct_cat&post=86"},{"taxonomy":"product_tag","embeddable":true,"href":"https:\/\/kneipenkultur.net\/index.php?rest_route=%2Fwp%2Fv2%2Fproduct_tag&post=86"}],"curies":[{"name":"wp","href":"https:\/\/api.w.org\/{rel}","templated":true}]}}