{"id":209,"date":"2024-11-03T18:45:09","date_gmt":"2024-11-03T18:45:09","guid":{"rendered":"https:\/\/kneipenkultur.net\/?post_type=product&#038;p=209"},"modified":"2026-02-18T17:13:43","modified_gmt":"2026-02-18T17:13:43","slug":"shirt-hauptsache-hartmut","status":"publish","type":"product","link":"https:\/\/kneipenkultur.net\/?product=shirt-hauptsache-hartmut","title":{"rendered":"Shirt &#8222;Hauptsache Hartmut&#8220;"},"content":{"rendered":"<p><strong>Bestes aus der Ule &#8211; Der Hartmut!<\/strong><\/p>\n<p>Jeder Kauf dieses T-Shirts ist wie ein High-Five f\u00fcr deine lokale Kneipenkultur. Du unterst\u00fctzt die legend\u00e4re Ule Kneipe in Oldenburg \u2013 die Heimat von Hartmut. Das bedeutet, w\u00e4hrend du dein neues Lieblings-T-Shirt rockst, h\u00e4ltst du gleichzeitig die Kneipentradition am Leben.<\/p>\n<p>Und hey, das ist noch nicht alles! Das Hartmut T-Shirt ist nicht nur ein modisches Statement, sondern auch eine Hommage an den ber\u00fchmten Hartmut. Du tr\u00e4gst praktisch die Essenz deiner Region auf der Brust \u2013 und das ist ziemlich cool, wenn du mich fragst.<\/p>\n<p>Achtung: Die Hartmut-Shirts sind nicht von uns handbedruckt (buuh!), sondern werden von unserem Oldenburger Partner Flockstar bedruckt.<\/p>\n","protected":false},"excerpt":{"rendered":"<p>Bestes aus der Ule &#8211; Der Hartmut! Jeder Kauf dieses T-Shirts ist wie ein High-Five f\u00fcr deine lokale Kneipenkultur. Du unterst\u00fctzt die legend\u00e4re Ule Kneipe in Oldenburg \u2013 die Heimat von Hartmut. Das bedeutet, w\u00e4hrend du dein neues Lieblings-T-Shirt rockst, h\u00e4ltst du gleichzeitig die Kneipentradition am Leben. Und hey, das ist noch nicht alles! Das<\/p>\n<div class=\"more-link\">\n\t\t\t\t <a href=\"https:\/\/kneipenkultur.net\/?product=shirt-hauptsache-hartmut\" class=\"btn theme-btn\"><span>Weiterlesen <\/span><i class=\"icofont-thin-double-right\"><\/i><\/a>\n\t\t\t<\/div>\n","protected":false},"featured_media":215,"comment_status":"open","ping_status":"closed","template":"","meta":[],"product_brand":[],"product_cat":[17,15],"product_tag":[],"class_list":{"0":"post-209","1":"product","2":"type-product","3":"status-publish","4":"has-post-thumbnail","6":"product_cat-shirts","7":"product_cat-unkategorisiert","9":"first","10":"instock","11":"taxable","12":"shipping-taxable","13":"purchasable","14":"product-type-variable"},"yoast_head":"<!-- This site is optimized with the Yoast SEO plugin v27.4 - https:\/\/yoast.com\/product\/yoast-seo-wordpress\/ -->\n<title>Shirt &quot;Hauptsache Hartmut&quot; - Kneipenkultur Merch<\/title>\n<meta name=\"robots\" content=\"index, follow, max-snippet:-1, max-image-preview:large, max-video-preview:-1\" \/>\n<link rel=\"canonical\" href=\"https:\/\/kneipenkultur.net\/?product=shirt-hauptsache-hartmut\" \/>\n<meta property=\"og:locale\" content=\"de_DE\" \/>\n<meta property=\"og:type\" content=\"article\" \/>\n<meta property=\"og:title\" content=\"Shirt &quot;Hauptsache Hartmut&quot; - Kneipenkultur Merch\" \/>\n<meta property=\"og:description\" content=\"Bestes aus der Ule &#8211; Der Hartmut! Jeder Kauf dieses T-Shirts ist wie ein High-Five f\u00fcr deine lokale Kneipenkultur. Du unterst\u00fctzt die legend\u00e4re Ule Kneipe in Oldenburg \u2013 die Heimat von Hartmut. Das bedeutet, w\u00e4hrend du dein neues Lieblings-T-Shirt rockst, h\u00e4ltst du gleichzeitig die Kneipentradition am Leben. Und hey, das ist noch nicht alles! Das    Weiterlesen\" \/>\n<meta property=\"og:url\" content=\"https:\/\/kneipenkultur.net\/?product=shirt-hauptsache-hartmut\" \/>\n<meta property=\"og:site_name\" content=\"Kneipenkultur Merch\" \/>\n<meta property=\"article:modified_time\" content=\"2026-02-18T17:13:43+00:00\" \/>\n<meta property=\"og:image\" content=\"https:\/\/kneipenkultur.net\/wp-content\/uploads\/2024\/11\/WhatsApp-Image-2023-08-24-at-18.16.28.jpeg\" \/>\n\t<meta property=\"og:image:width\" content=\"1600\" \/>\n\t<meta property=\"og:image:height\" content=\"1600\" \/>\n\t<meta property=\"og:image:type\" content=\"image\/jpeg\" \/>\n<meta name=\"twitter:card\" content=\"summary_large_image\" \/>\n<meta name=\"twitter:label1\" content=\"Gesch\u00e4tzte Lesezeit\" \/>\n\t<meta name=\"twitter:data1\" content=\"1\u00a0Minute\" \/>\n<script type=\"application\/ld+json\" class=\"yoast-schema-graph\">{\"@context\":\"https:\\\/\\\/schema.org\",\"@graph\":[{\"@type\":\"WebPage\",\"@id\":\"https:\\\/\\\/kneipenkultur.net\\\/?product=shirt-hauptsache-hartmut\",\"url\":\"https:\\\/\\\/kneipenkultur.net\\\/?product=shirt-hauptsache-hartmut\",\"name\":\"Shirt \\\"Hauptsache Hartmut\\\" - Kneipenkultur Merch\",\"isPartOf\":{\"@id\":\"https:\\\/\\\/kneipenkultur.net\\\/#website\"},\"primaryImageOfPage\":{\"@id\":\"https:\\\/\\\/kneipenkultur.net\\\/?product=shirt-hauptsache-hartmut#primaryimage\"},\"image\":{\"@id\":\"https:\\\/\\\/kneipenkultur.net\\\/?product=shirt-hauptsache-hartmut#primaryimage\"},\"thumbnailUrl\":\"https:\\\/\\\/kneipenkultur.net\\\/wp-content\\\/uploads\\\/2024\\\/11\\\/WhatsApp-Image-2023-08-24-at-18.16.28.jpeg\",\"datePublished\":\"2024-11-03T18:45:09+00:00\",\"dateModified\":\"2026-02-18T17:13:43+00:00\",\"breadcrumb\":{\"@id\":\"https:\\\/\\\/kneipenkultur.net\\\/?product=shirt-hauptsache-hartmut#breadcrumb\"},\"inLanguage\":\"de\",\"potentialAction\":[{\"@type\":\"ReadAction\",\"target\":[\"https:\\\/\\\/kneipenkultur.net\\\/?product=shirt-hauptsache-hartmut\"]}]},{\"@type\":\"ImageObject\",\"inLanguage\":\"de\",\"@id\":\"https:\\\/\\\/kneipenkultur.net\\\/?product=shirt-hauptsache-hartmut#primaryimage\",\"url\":\"https:\\\/\\\/kneipenkultur.net\\\/wp-content\\\/uploads\\\/2024\\\/11\\\/WhatsApp-Image-2023-08-24-at-18.16.28.jpeg\",\"contentUrl\":\"https:\\\/\\\/kneipenkultur.net\\\/wp-content\\\/uploads\\\/2024\\\/11\\\/WhatsApp-Image-2023-08-24-at-18.16.28.jpeg\",\"width\":1600,\"height\":1600},{\"@type\":\"BreadcrumbList\",\"@id\":\"https:\\\/\\\/kneipenkultur.net\\\/?product=shirt-hauptsache-hartmut#breadcrumb\",\"itemListElement\":[{\"@type\":\"ListItem\",\"position\":1,\"name\":\"Startseite\",\"item\":\"https:\\\/\\\/kneipenkultur.net\\\/\"},{\"@type\":\"ListItem\",\"position\":2,\"name\":\"Shop\",\"item\":\"https:\\\/\\\/kneipenkultur.net\\\/\"},{\"@type\":\"ListItem\",\"position\":3,\"name\":\"Shirt &#8222;Hauptsache Hartmut&#8220;\"}]},{\"@type\":\"WebSite\",\"@id\":\"https:\\\/\\\/kneipenkultur.net\\\/#website\",\"url\":\"https:\\\/\\\/kneipenkultur.net\\\/\",\"name\":\"Kneipenkultur Merch\",\"description\":\"Freshe Styles von Deinen Lieblingskneipen in Oldenburg.\",\"potentialAction\":[{\"@type\":\"SearchAction\",\"target\":{\"@type\":\"EntryPoint\",\"urlTemplate\":\"https:\\\/\\\/kneipenkultur.net\\\/?s={search_term_string}\"},\"query-input\":{\"@type\":\"PropertyValueSpecification\",\"valueRequired\":true,\"valueName\":\"search_term_string\"}}],\"inLanguage\":\"de\"}]}<\/script>\n<!-- \/ Yoast SEO plugin. -->","yoast_head_json":{"title":"Shirt \"Hauptsache Hartmut\" - Kneipenkultur Merch","robots":{"index":"index","follow":"follow","max-snippet":"max-snippet:-1","max-image-preview":"max-image-preview:large","max-video-preview":"max-video-preview:-1"},"canonical":"https:\/\/kneipenkultur.net\/?product=shirt-hauptsache-hartmut","og_locale":"de_DE","og_type":"article","og_title":"Shirt \"Hauptsache Hartmut\" - Kneipenkultur Merch","og_description":"Bestes aus der Ule &#8211; Der Hartmut! Jeder Kauf dieses T-Shirts ist wie ein High-Five f\u00fcr deine lokale Kneipenkultur. Du unterst\u00fctzt die legend\u00e4re Ule Kneipe in Oldenburg \u2013 die Heimat von Hartmut. Das bedeutet, w\u00e4hrend du dein neues Lieblings-T-Shirt rockst, h\u00e4ltst du gleichzeitig die Kneipentradition am Leben. Und hey, das ist noch nicht alles! Das    Weiterlesen","og_url":"https:\/\/kneipenkultur.net\/?product=shirt-hauptsache-hartmut","og_site_name":"Kneipenkultur Merch","article_modified_time":"2026-02-18T17:13:43+00:00","og_image":[{"width":1600,"height":1600,"url":"https:\/\/kneipenkultur.net\/wp-content\/uploads\/2024\/11\/WhatsApp-Image-2023-08-24-at-18.16.28.jpeg","type":"image\/jpeg"}],"twitter_card":"summary_large_image","twitter_misc":{"Gesch\u00e4tzte Lesezeit":"1\u00a0Minute"},"schema":{"@context":"https:\/\/schema.org","@graph":[{"@type":"WebPage","@id":"https:\/\/kneipenkultur.net\/?product=shirt-hauptsache-hartmut","url":"https:\/\/kneipenkultur.net\/?product=shirt-hauptsache-hartmut","name":"Shirt \"Hauptsache Hartmut\" - Kneipenkultur Merch","isPartOf":{"@id":"https:\/\/kneipenkultur.net\/#website"},"primaryImageOfPage":{"@id":"https:\/\/kneipenkultur.net\/?product=shirt-hauptsache-hartmut#primaryimage"},"image":{"@id":"https:\/\/kneipenkultur.net\/?product=shirt-hauptsache-hartmut#primaryimage"},"thumbnailUrl":"https:\/\/kneipenkultur.net\/wp-content\/uploads\/2024\/11\/WhatsApp-Image-2023-08-24-at-18.16.28.jpeg","datePublished":"2024-11-03T18:45:09+00:00","dateModified":"2026-02-18T17:13:43+00:00","breadcrumb":{"@id":"https:\/\/kneipenkultur.net\/?product=shirt-hauptsache-hartmut#breadcrumb"},"inLanguage":"de","potentialAction":[{"@type":"ReadAction","target":["https:\/\/kneipenkultur.net\/?product=shirt-hauptsache-hartmut"]}]},{"@type":"ImageObject","inLanguage":"de","@id":"https:\/\/kneipenkultur.net\/?product=shirt-hauptsache-hartmut#primaryimage","url":"https:\/\/kneipenkultur.net\/wp-content\/uploads\/2024\/11\/WhatsApp-Image-2023-08-24-at-18.16.28.jpeg","contentUrl":"https:\/\/kneipenkultur.net\/wp-content\/uploads\/2024\/11\/WhatsApp-Image-2023-08-24-at-18.16.28.jpeg","width":1600,"height":1600},{"@type":"BreadcrumbList","@id":"https:\/\/kneipenkultur.net\/?product=shirt-hauptsache-hartmut#breadcrumb","itemListElement":[{"@type":"ListItem","position":1,"name":"Startseite","item":"https:\/\/kneipenkultur.net\/"},{"@type":"ListItem","position":2,"name":"Shop","item":"https:\/\/kneipenkultur.net\/"},{"@type":"ListItem","position":3,"name":"Shirt &#8222;Hauptsache Hartmut&#8220;"}]},{"@type":"WebSite","@id":"https:\/\/kneipenkultur.net\/#website","url":"https:\/\/kneipenkultur.net\/","name":"Kneipenkultur Merch","description":"Freshe Styles von Deinen Lieblingskneipen in Oldenburg.","potentialAction":[{"@type":"SearchAction","target":{"@type":"EntryPoint","urlTemplate":"https:\/\/kneipenkultur.net\/?s={search_term_string}"},"query-input":{"@type":"PropertyValueSpecification","valueRequired":true,"valueName":"search_term_string"}}],"inLanguage":"de"}]}},"jetpack_sharing_enabled":true,"_links":{"self":[{"href":"https:\/\/kneipenkultur.net\/index.php?rest_route=\/wp\/v2\/product\/209","targetHints":{"allow":["GET"]}}],"collection":[{"href":"https:\/\/kneipenkultur.net\/index.php?rest_route=\/wp\/v2\/product"}],"about":[{"href":"https:\/\/kneipenkultur.net\/index.php?rest_route=\/wp\/v2\/types\/product"}],"replies":[{"embeddable":true,"href":"https:\/\/kneipenkultur.net\/index.php?rest_route=%2Fwp%2Fv2%2Fcomments&post=209"}],"wp:featuredmedia":[{"embeddable":true,"href":"https:\/\/kneipenkultur.net\/index.php?rest_route=\/wp\/v2\/media\/215"}],"wp:attachment":[{"href":"https:\/\/kneipenkultur.net\/index.php?rest_route=%2Fwp%2Fv2%2Fmedia&parent=209"}],"wp:term":[{"taxonomy":"product_brand","embeddable":true,"href":"https:\/\/kneipenkultur.net\/index.php?rest_route=%2Fwp%2Fv2%2Fproduct_brand&post=209"},{"taxonomy":"product_cat","embeddable":true,"href":"https:\/\/kneipenkultur.net\/index.php?rest_route=%2Fwp%2Fv2%2Fproduct_cat&post=209"},{"taxonomy":"product_tag","embeddable":true,"href":"https:\/\/kneipenkultur.net\/index.php?rest_route=%2Fwp%2Fv2%2Fproduct_tag&post=209"}],"curies":[{"name":"wp","href":"https:\/\/api.w.org\/{rel}","templated":true}]}}